{"id":36,"date":"2026-03-07T19:20:23","date_gmt":"2026-03-07T19:20:23","guid":{"rendered":"https:\/\/mieszkaniewpraktyce.pl\/?page_id=36"},"modified":"2026-03-07T19:23:10","modified_gmt":"2026-03-07T19:23:10","slug":"o-stronie","status":"publish","type":"page","link":"https:\/\/mieszkaniewpraktyce.pl\/index.php\/o-stronie\/","title":{"rendered":"O stronie"},"content":{"rendered":"\n<p><strong>Mieszkanie w Praktyce<\/strong><\/p>\n\n\n\n<p>Mieszkanie w Praktyce to blog o wn\u0119trzach, mieszkaniach i codziennych rozwi\u0105zaniach do domu.<\/p>\n\n\n\n<p>Na stronie pokazujemy prawdziwe przyk\u0142ady mieszka\u0144, sypialni i mebli, kt\u00f3re znajduj\u0105 si\u0119 w normalnych domach i mieszkaniach. Nie s\u0105 to zdj\u0119cia z katalog\u00f3w ani z profesjonalnych sesji fotograficznych, lecz realne wn\u0119trza.<\/p>\n\n\n\n<p>Celem bloga jest pokazanie, jak meble i aran\u017cacje wygl\u0105daj\u0105 w rzeczywisto\u015bci \u2014 w ma\u0142ych mieszkaniach, domach jednorodzinnych czy pokojach na poddaszu.<\/p>\n\n\n\n<p>Na blogu mo\u017cna znale\u017a\u0107 mi\u0119dzy innymi:<\/p>\n\n\n\n<ul class=\"wp-block-list\">\n<li>przyk\u0142ady sypialni w mieszkaniach i domach<\/li>\n\n\n\n<li>zdj\u0119cia mebli po monta\u017cu<\/li>\n\n\n\n<li>inspiracje do urz\u0105dzania wn\u0119trz<\/li>\n\n\n\n<li>proste i praktyczne rozwi\u0105zania do domu<\/li>\n<\/ul>\n\n\n\n<p>Strona powsta\u0142a z my\u015bl\u0105 o osobach, kt\u00f3re szukaj\u0105 realnych przyk\u0142ad\u00f3w wn\u0119trz, a nie tylko katalogowych inspiracji.<\/p>\n","protected":false},"excerpt":{"rendered":"<p>Mieszkanie w Praktyce Mieszkanie w Praktyce to blog o wn\u0119trzach, mieszkaniach i codziennych rozwi\u0105zaniach do domu. Na stronie pokazujemy prawdziwe przyk\u0142ady mieszka\u0144, sypialni i mebli, kt\u00f3re znajduj\u0105 si\u0119 w normalnych domach i mieszkaniach. Nie s\u0105 to zdj\u0119cia z katalog\u00f3w ani z profesjonalnych sesji fotograficznych, lecz realne wn\u0119trza. Celem bloga jest pokazanie, jak meble i aran\u017cacje [&hellip;]<\/p>\n","protected":false},"author":1,"featured_media":0,"parent":0,"menu_order":0,"comment_status":"closed","ping_status":"closed","template":"","meta":{"footnotes":""},"class_list":["post-36","page","type-page","status-publish","hentry"],"blocksy_meta":[],"yoast_head":"<!-- This site is optimized with the Yoast SEO plugin v27.1.1 - https:\/\/yoast.com\/product\/yoast-seo-wordpress\/ -->\n<title>O stronie - mieszkaniewpraktyce.pl<\/title>\n<meta name=\"robots\" content=\"index, follow, max-snippet:-1, max-image-preview:large, max-video-preview:-1\" \/>\n<link rel=\"canonical\" href=\"https:\/\/mieszkaniewpraktyce.pl\/index.php\/o-stronie\/\" \/>\n<meta property=\"og:locale\" content=\"pl_PL\" \/>\n<meta property=\"og:type\" content=\"article\" \/>\n<meta property=\"og:title\" content=\"O stronie - mieszkaniewpraktyce.pl\" \/>\n<meta property=\"og:description\" content=\"Mieszkanie w Praktyce Mieszkanie w Praktyce to blog o wn\u0119trzach, mieszkaniach i codziennych rozwi\u0105zaniach do domu. Na stronie pokazujemy prawdziwe przyk\u0142ady mieszka\u0144, sypialni i mebli, kt\u00f3re znajduj\u0105 si\u0119 w normalnych domach i mieszkaniach. Nie s\u0105 to zdj\u0119cia z katalog\u00f3w ani z profesjonalnych sesji fotograficznych, lecz realne wn\u0119trza. Celem bloga jest pokazanie, jak meble i aran\u017cacje [&hellip;]\" \/>\n<meta property=\"og:url\" content=\"https:\/\/mieszkaniewpraktyce.pl\/index.php\/o-stronie\/\" \/>\n<meta property=\"og:site_name\" content=\"mieszkaniewpraktyce.pl\" \/>\n<meta property=\"article:modified_time\" content=\"2026-03-07T19:23:10+00:00\" \/>\n<meta name=\"twitter:card\" content=\"summary_large_image\" \/>\n<meta name=\"twitter:label1\" content=\"Szacowany czas czytania\" \/>\n\t<meta name=\"twitter:data1\" content=\"1 minuta\" \/>\n<script type=\"application\/ld+json\" class=\"yoast-schema-graph\">{\"@context\":\"https:\/\/schema.org\",\"@graph\":[{\"@type\":\"WebPage\",\"@id\":\"https:\/\/mieszkaniewpraktyce.pl\/index.php\/o-stronie\/\",\"url\":\"https:\/\/mieszkaniewpraktyce.pl\/index.php\/o-stronie\/\",\"name\":\"O stronie - mieszkaniewpraktyce.pl\",\"isPartOf\":{\"@id\":\"http:\/\/mieszkaniewpraktyce.pl\/#website\"},\"datePublished\":\"2026-03-07T19:20:23+00:00\",\"dateModified\":\"2026-03-07T19:23:10+00:00\",\"breadcrumb\":{\"@id\":\"https:\/\/mieszkaniewpraktyce.pl\/index.php\/o-stronie\/#breadcrumb\"},\"inLanguage\":\"pl-PL\",\"potentialAction\":[{\"@type\":\"ReadAction\",\"target\":[\"https:\/\/mieszkaniewpraktyce.pl\/index.php\/o-stronie\/\"]}]},{\"@type\":\"BreadcrumbList\",\"@id\":\"https:\/\/mieszkaniewpraktyce.pl\/index.php\/o-stronie\/#breadcrumb\",\"itemListElement\":[{\"@type\":\"ListItem\",\"position\":1,\"name\":\"Strona g\u0142\u00f3wna\",\"item\":\"http:\/\/mieszkaniewpraktyce.pl\/\"},{\"@type\":\"ListItem\",\"position\":2,\"name\":\"O stronie\"}]},{\"@type\":\"WebSite\",\"@id\":\"http:\/\/mieszkaniewpraktyce.pl\/#website\",\"url\":\"http:\/\/mieszkaniewpraktyce.pl\/\",\"name\":\"mieszkaniewpraktyce.pl\",\"description\":\"\",\"publisher\":{\"@id\":\"http:\/\/mieszkaniewpraktyce.pl\/#\/schema\/person\/1debe21f25a65ed7b83dc4a1afb2a980\"},\"potentialAction\":[{\"@type\":\"SearchAction\",\"target\":{\"@type\":\"EntryPoint\",\"urlTemplate\":\"http:\/\/mieszkaniewpraktyce.pl\/?s={search_term_string}\"},\"query-input\":{\"@type\":\"PropertyValueSpecification\",\"valueRequired\":true,\"valueName\":\"search_term_string\"}}],\"inLanguage\":\"pl-PL\"},{\"@type\":[\"Person\",\"Organization\"],\"@id\":\"http:\/\/mieszkaniewpraktyce.pl\/#\/schema\/person\/1debe21f25a65ed7b83dc4a1afb2a980\",\"name\":\"Marek_Nowicki\",\"image\":{\"@type\":\"ImageObject\",\"inLanguage\":\"pl-PL\",\"@id\":\"http:\/\/mieszkaniewpraktyce.pl\/#\/schema\/person\/image\/\",\"url\":\"https:\/\/mieszkaniewpraktyce.pl\/wp-content\/uploads\/2026\/03\/Marek_Nowicki.png\",\"contentUrl\":\"https:\/\/mieszkaniewpraktyce.pl\/wp-content\/uploads\/2026\/03\/Marek_Nowicki.png\",\"width\":1024,\"height\":1024,\"caption\":\"Marek_Nowicki\"},\"logo\":{\"@id\":\"http:\/\/mieszkaniewpraktyce.pl\/#\/schema\/person\/image\/\"},\"sameAs\":[\"http:\/\/mieszkaniewpraktyce.pl\"]}]}<\/script>\n<!-- \/ Yoast SEO plugin. -->","yoast_head_json":{"title":"O stronie - mieszkaniewpraktyce.pl","robots":{"index":"index","follow":"follow","max-snippet":"max-snippet:-1","max-image-preview":"max-image-preview:large","max-video-preview":"max-video-preview:-1"},"canonical":"https:\/\/mieszkaniewpraktyce.pl\/index.php\/o-stronie\/","og_locale":"pl_PL","og_type":"article","og_title":"O stronie - mieszkaniewpraktyce.pl","og_description":"Mieszkanie w Praktyce Mieszkanie w Praktyce to blog o wn\u0119trzach, mieszkaniach i codziennych rozwi\u0105zaniach do domu. Na stronie pokazujemy prawdziwe przyk\u0142ady mieszka\u0144, sypialni i mebli, kt\u00f3re znajduj\u0105 si\u0119 w normalnych domach i mieszkaniach. Nie s\u0105 to zdj\u0119cia z katalog\u00f3w ani z profesjonalnych sesji fotograficznych, lecz realne wn\u0119trza. Celem bloga jest pokazanie, jak meble i aran\u017cacje [&hellip;]","og_url":"https:\/\/mieszkaniewpraktyce.pl\/index.php\/o-stronie\/","og_site_name":"mieszkaniewpraktyce.pl","article_modified_time":"2026-03-07T19:23:10+00:00","twitter_card":"summary_large_image","twitter_misc":{"Szacowany czas czytania":"1 minuta"},"schema":{"@context":"https:\/\/schema.org","@graph":[{"@type":"WebPage","@id":"https:\/\/mieszkaniewpraktyce.pl\/index.php\/o-stronie\/","url":"https:\/\/mieszkaniewpraktyce.pl\/index.php\/o-stronie\/","name":"O stronie - mieszkaniewpraktyce.pl","isPartOf":{"@id":"http:\/\/mieszkaniewpraktyce.pl\/#website"},"datePublished":"2026-03-07T19:20:23+00:00","dateModified":"2026-03-07T19:23:10+00:00","breadcrumb":{"@id":"https:\/\/mieszkaniewpraktyce.pl\/index.php\/o-stronie\/#breadcrumb"},"inLanguage":"pl-PL","potentialAction":[{"@type":"ReadAction","target":["https:\/\/mieszkaniewpraktyce.pl\/index.php\/o-stronie\/"]}]},{"@type":"BreadcrumbList","@id":"https:\/\/mieszkaniewpraktyce.pl\/index.php\/o-stronie\/#breadcrumb","itemListElement":[{"@type":"ListItem","position":1,"name":"Strona g\u0142\u00f3wna","item":"http:\/\/mieszkaniewpraktyce.pl\/"},{"@type":"ListItem","position":2,"name":"O stronie"}]},{"@type":"WebSite","@id":"http:\/\/mieszkaniewpraktyce.pl\/#website","url":"http:\/\/mieszkaniewpraktyce.pl\/","name":"mieszkaniewpraktyce.pl","description":"","publisher":{"@id":"http:\/\/mieszkaniewpraktyce.pl\/#\/schema\/person\/1debe21f25a65ed7b83dc4a1afb2a980"},"potentialAction":[{"@type":"SearchAction","target":{"@type":"EntryPoint","urlTemplate":"http:\/\/mieszkaniewpraktyce.pl\/?s={search_term_string}"},"query-input":{"@type":"PropertyValueSpecification","valueRequired":true,"valueName":"search_term_string"}}],"inLanguage":"pl-PL"},{"@type":["Person","Organization"],"@id":"http:\/\/mieszkaniewpraktyce.pl\/#\/schema\/person\/1debe21f25a65ed7b83dc4a1afb2a980","name":"Marek_Nowicki","image":{"@type":"ImageObject","inLanguage":"pl-PL","@id":"http:\/\/mieszkaniewpraktyce.pl\/#\/schema\/person\/image\/","url":"https:\/\/mieszkaniewpraktyce.pl\/wp-content\/uploads\/2026\/03\/Marek_Nowicki.png","contentUrl":"https:\/\/mieszkaniewpraktyce.pl\/wp-content\/uploads\/2026\/03\/Marek_Nowicki.png","width":1024,"height":1024,"caption":"Marek_Nowicki"},"logo":{"@id":"http:\/\/mieszkaniewpraktyce.pl\/#\/schema\/person\/image\/"},"sameAs":["http:\/\/mieszkaniewpraktyce.pl"]}]}},"_links":{"self":[{"href":"https:\/\/mieszkaniewpraktyce.pl\/index.php\/wp-json\/wp\/v2\/pages\/36","targetHints":{"allow":["GET"]}}],"collection":[{"href":"https:\/\/mieszkaniewpraktyce.pl\/index.php\/wp-json\/wp\/v2\/pages"}],"about":[{"href":"https:\/\/mieszkaniewpraktyce.pl\/index.php\/wp-json\/wp\/v2\/types\/page"}],"author":[{"embeddable":true,"href":"https:\/\/mieszkaniewpraktyce.pl\/index.php\/wp-json\/wp\/v2\/users\/1"}],"replies":[{"embeddable":true,"href":"https:\/\/mieszkaniewpraktyce.pl\/index.php\/wp-json\/wp\/v2\/comments?post=36"}],"version-history":[{"count":3,"href":"https:\/\/mieszkaniewpraktyce.pl\/index.php\/wp-json\/wp\/v2\/pages\/36\/revisions"}],"predecessor-version":[{"id":47,"href":"https:\/\/mieszkaniewpraktyce.pl\/index.php\/wp-json\/wp\/v2\/pages\/36\/revisions\/47"}],"wp:attachment":[{"href":"https:\/\/mieszkaniewpraktyce.pl\/index.php\/wp-json\/wp\/v2\/media?parent=36"}],"curies":[{"name":"wp","href":"https:\/\/api.w.org\/{rel}","templated":true}]}}